{"id":603,"date":"2022-07-08T10:29:27","date_gmt":"2022-07-08T10:29:27","guid":{"rendered":"https:\/\/surface-tech.com\/?page_id=603"},"modified":"2023-07-28T13:07:15","modified_gmt":"2023-07-28T20:07:15","slug":"request-a-quote-asphalt-hs","status":"publish","type":"page","link":"https:\/\/surface-tech.com\/es\/request-a-quote-asphalt-hs\/","title":{"rendered":"Request A Quote ASPHALT Hubspot"},"content":{"rendered":"<div data-elementor-type=\"wp-page\" data-elementor-id=\"603\" class=\"elementor elementor-603\" data-elementor-post-type=\"page\">\n\t\t\t\t\t\t<section class=\"elementor-section elementor-top-section elementor-element elementor-element-178613d elementor-section-full_width elementor-section-stretched elementor-section-height-default elementor-section-height-default\" data-id=\"178613d\" data-element_type=\"section\" data-e-type=\"section\" data-settings=\"{&quot;background_background&quot;:&quot;classic&quot;,&quot;stretch_section&quot;:&quot;section-stretched&quot;}\">\n\t\t\t\t\t\t<div class=\"elementor-container elementor-column-gap-default\">\n\t\t\t\t\t<div class=\"elementor-column elementor-col-100 elementor-top-column elementor-element elementor-element-eb676c9\" data-id=\"eb676c9\" data-element_type=\"column\" data-e-type=\"column\" data-settings=\"{&quot;background_background&quot;:&quot;classic&quot;}\">\n\t\t\t<div class=\"elementor-widget-wrap elementor-element-populated\">\n\t\t\t\t\t\t<section class=\"elementor-section elementor-inner-section elementor-element elementor-element-d40ceae request-client elementor-section-boxed elementor-section-height-default elementor-section-height-default\" data-id=\"d40ceae\" data-element_type=\"section\" data-e-type=\"section\">\n\t\t\t\t\t\t<div class=\"elementor-container elementor-column-gap-no\">\n\t\t\t\t\t<div class=\"elementor-column elementor-col-100 elementor-inner-column elementor-element elementor-element-60a1c70\" data-id=\"60a1c70\" data-element_type=\"column\" data-e-type=\"column\">\n\t\t\t<div class=\"elementor-widget-wrap elementor-element-populated\">\n\t\t\t\t\t\t<div class=\"elementor-element elementor-element-cd85e44 headline elementor-widget elementor-widget-heading\" data-id=\"cd85e44\" data-element_type=\"widget\" data-e-type=\"widget\" data-widget_type=\"heading.default\">\n\t\t\t\t<div class=\"elementor-widget-container\">\n\t\t\t\t\t<p class=\"elementor-heading-title elementor-size-default\">Conseguir el la mayor\u00eda de ARCA soluciones.<\/p>\t\t\t\t<\/div>\n\t\t\t\t<\/div>\n\t\t\t\t<div class=\"elementor-element elementor-element-2beb7cc request-title elementor-widget elementor-widget-heading\" data-id=\"2beb7cc\" data-element_type=\"widget\" data-e-type=\"widget\" data-widget_type=\"heading.default\">\n\t\t\t\t<div class=\"elementor-widget-container\">\n\t\t\t\t\t<h2 class=\"elementor-heading-title elementor-size-default\">Solicitar Una Cotizaci\u00f3n.<\/h2>\t\t\t\t<\/div>\n\t\t\t\t<\/div>\n\t\t\t\t<div class=\"elementor-element elementor-element-2e15ff3 elementor-widget elementor-widget-text-editor\" data-id=\"2e15ff3\" data-element_type=\"widget\" data-e-type=\"widget\" data-widget_type=\"text-editor.default\">\n\t\t\t\t<div class=\"elementor-widget-container\">\n\t\t\t\t\t\t\t\t\t<p>Nuestra Surface Tech de dise\u00f1o de mezcla de especialistas de mirar hacia adelante a contestar sus preguntas. Ya se trate de aplicaciones especiales, mezcla de formulaciones, o la optimizaci\u00f3n de la dosis, por favor p\u00f3ngase en contacto con uno de nuestros asphaltists. Preg\u00fantenos acerca de nuestros muestras gratis, precios e informaci\u00f3n acerca de la Superficie de productos de alta Tecnolog\u00eda para su primer trabajo.<\/p>\t\t\t\t\t\t\t\t<\/div>\n\t\t\t\t<\/div>\n\t\t\t\t\t<\/div>\n\t\t<\/div>\n\t\t\t\t\t<\/div>\n\t\t<\/section>\n\t\t\t\t\t<\/div>\n\t\t<\/div>\n\t\t\t\t\t<\/div>\n\t\t<\/section>\n\t\t\t\t<section class=\"elementor-section elementor-top-section elementor-element elementor-element-4ee84bc elementor-section-boxed elementor-section-height-default elementor-section-height-default\" data-id=\"4ee84bc\" data-element_type=\"section\" data-e-type=\"section\" data-settings=\"{&quot;background_background&quot;:&quot;classic&quot;}\">\n\t\t\t\t\t\t<div class=\"elementor-container elementor-column-gap-default\">\n\t\t\t\t\t<div class=\"elementor-column elementor-col-100 elementor-top-column elementor-element elementor-element-4529bf1\" data-id=\"4529bf1\" data-element_type=\"column\" data-e-type=\"column\">\n\t\t\t<div class=\"elementor-widget-wrap elementor-element-populated\">\n\t\t\t\t\t\t<section class=\"elementor-section elementor-inner-section elementor-element elementor-element-af998ca elementor-section-boxed elementor-section-height-default elementor-section-height-default\" data-id=\"af998ca\" data-element_type=\"section\" data-e-type=\"section\">\n\t\t\t\t\t\t<div class=\"elementor-container elementor-column-gap-default\">\n\t\t\t\t\t<div class=\"elementor-column elementor-col-100 elementor-inner-column elementor-element elementor-element-1a9ccf9\" data-id=\"1a9ccf9\" data-element_type=\"column\" data-e-type=\"column\">\n\t\t\t<div class=\"elementor-widget-wrap elementor-element-populated\">\n\t\t\t\t\t\t<div class=\"elementor-element elementor-element-3d7e406 inner-form elementor-widget elementor-widget-html\" data-id=\"3d7e406\" data-element_type=\"widget\" data-e-type=\"widget\" data-widget_type=\"html.default\">\n\t\t\t\t<div class=\"elementor-widget-container\">\n\t\t\t\t\t<script charset=\"utf-8\" type=\"text\/javascript\" src=\"\/\/js.hsforms.net\/forms\/v2.js?pre=1\"><\/script>\n<script>\n  hbspt.forms.create({\n    region: \"na1\",\n    portalId: \"1997273\",\n    formId: \"e65653c3-7606-4702-94a0-2685e499b72c\"\n  });\n<\/script>\t\t\t\t<\/div>\n\t\t\t\t<\/div>\n\t\t\t\t\t<\/div>\n\t\t<\/div>\n\t\t\t\t\t<\/div>\n\t\t<\/section>\n\t\t\t\t\t<\/div>\n\t\t<\/div>\n\t\t\t\t\t<\/div>\n\t\t<\/section>\n\t\t\t\t<\/div>","protected":false},"excerpt":{"rendered":"<p>Get the most out of ARCA solutions. Request A Quote. Our Surface Tech mix design specialists look forward to answering your questions. Whether it concerns special applications, mixture formulations, or optimizing dosage, please contact one of our asphaltists. Ask us about our free samples, pricing and information about Surface Tech products for your first job.<\/p>","protected":false},"author":4,"featured_media":0,"parent":0,"menu_order":0,"comment_status":"closed","ping_status":"closed","template":"","meta":{"_acf_changed":false,"content-type":"","footnotes":""},"class_list":["post-603","page","type-page","status-publish","hentry"],"acf":[],"yoast_head":"<!-- This site is optimized with the Yoast SEO Premium plugin v27.2 (Yoast SEO v27.4) - https:\/\/yoast.com\/product\/yoast-seo-premium-wordpress\/ -->\n<title>Request A Quote ASPHALT Hubspot - Surface Tech - Aramid Reinforced Composite Asphalt<\/title>\n<meta name=\"robots\" content=\"index, follow, max-snippet:-1, max-image-preview:large, max-video-preview:-1\" \/>\n<link rel=\"canonical\" href=\"https:\/\/surface-tech.com\/es\/request-a-quote-asphalt-hs\/\" \/>\n<meta property=\"og:locale\" content=\"es_MX\" \/>\n<meta property=\"og:type\" content=\"article\" \/>\n<meta property=\"og:title\" content=\"Request A Quote ASPHALT Hubspot\" \/>\n<meta property=\"og:description\" content=\"Get the most out of ARCA solutions. Request A Quote. Our Surface Tech mix design specialists look forward to answering your questions. Whether it concerns special applications, mixture formulations, or optimizing dosage, please contact one of our asphaltists. Ask us about our free samples, pricing and information about Surface Tech products for your first job.\" \/>\n<meta property=\"og:url\" content=\"https:\/\/surface-tech.com\/es\/request-a-quote-asphalt-hs\/\" \/>\n<meta property=\"og:site_name\" content=\"Surface Tech - Aramid Reinforced Composite Asphalt\" \/>\n<meta property=\"article:publisher\" content=\"https:\/\/www.facebook.com\/SurfaceTechAsphalt\" \/>\n<meta property=\"article:modified_time\" content=\"2023-07-28T20:07:15+00:00\" \/>\n<meta property=\"og:image\" content=\"https:\/\/surface-tech.com\/wp-content\/uploads\/2022\/08\/DFNDR-the-making-copy-1500x600-1.png\" \/>\n\t<meta property=\"og:image:width\" content=\"1500\" \/>\n\t<meta property=\"og:image:height\" content=\"726\" \/>\n\t<meta property=\"og:image:type\" content=\"image\/png\" \/>\n<meta name=\"twitter:card\" content=\"summary_large_image\" \/>\n<meta name=\"twitter:site\" content=\"@SurfaceTech_LLC\" \/>\n<meta name=\"twitter:label1\" content=\"Tiempo de lectura\" \/>\n\t<meta name=\"twitter:data1\" content=\"1 minuto\" \/>\n<script type=\"application\/ld+json\" class=\"yoast-schema-graph\">{\"@context\":\"https:\\\/\\\/schema.org\",\"@graph\":[{\"@type\":\"WebPage\",\"@id\":\"https:\\\/\\\/surface-tech.com\\\/request-a-quote-asphalt-hs\\\/\",\"url\":\"https:\\\/\\\/surface-tech.com\\\/request-a-quote-asphalt-hs\\\/\",\"name\":\"Request A Quote ASPHALT Hubspot - Surface Tech - Aramid Reinforced Composite Asphalt\",\"isPartOf\":{\"@id\":\"https:\\\/\\\/surface-tech.com\\\/#website\"},\"datePublished\":\"2022-07-08T10:29:27+00:00\",\"dateModified\":\"2023-07-28T20:07:15+00:00\",\"breadcrumb\":{\"@id\":\"https:\\\/\\\/surface-tech.com\\\/request-a-quote-asphalt-hs\\\/#breadcrumb\"},\"inLanguage\":\"es\",\"potentialAction\":[{\"@type\":\"ReadAction\",\"target\":[\"https:\\\/\\\/surface-tech.com\\\/request-a-quote-asphalt-hs\\\/\"]}]},{\"@type\":\"BreadcrumbList\",\"@id\":\"https:\\\/\\\/surface-tech.com\\\/request-a-quote-asphalt-hs\\\/#breadcrumb\",\"itemListElement\":[{\"@type\":\"ListItem\",\"position\":1,\"name\":\"Home\",\"item\":\"https:\\\/\\\/surface-tech.com\\\/\"},{\"@type\":\"ListItem\",\"position\":2,\"name\":\"Request A Quote ASPHALT Hubspot\"}]},{\"@type\":\"WebSite\",\"@id\":\"https:\\\/\\\/surface-tech.com\\\/#website\",\"url\":\"https:\\\/\\\/surface-tech.com\\\/\",\"name\":\"Surface Tech - Aramid Reinforced Composite Asphalt\",\"description\":\"We Solved The Crack Problem.\",\"publisher\":{\"@id\":\"https:\\\/\\\/surface-tech.com\\\/#organization\"},\"alternateName\":\"Surface Tech - ARCA Solutions\",\"potentialAction\":[{\"@type\":\"SearchAction\",\"target\":{\"@type\":\"EntryPoint\",\"urlTemplate\":\"https:\\\/\\\/surface-tech.com\\\/?s={search_term_string}\"},\"query-input\":{\"@type\":\"PropertyValueSpecification\",\"valueRequired\":true,\"valueName\":\"search_term_string\"}}],\"inLanguage\":\"es\"},{\"@type\":\"Organization\",\"@id\":\"https:\\\/\\\/surface-tech.com\\\/#organization\",\"name\":\"Surface Tech - Aramid Reinforced Composite Asphalt\",\"alternateName\":\"Surface Tech - ARCA Solutions\",\"url\":\"https:\\\/\\\/surface-tech.com\\\/\",\"logo\":{\"@type\":\"ImageObject\",\"inLanguage\":\"es\",\"@id\":\"https:\\\/\\\/surface-tech.com\\\/#\\\/schema\\\/logo\\\/image\\\/\",\"url\":\"https:\\\/\\\/surface-tech.com\\\/wp-content\\\/uploads\\\/2022\\\/08\\\/SURFACE-TECH-logo-600px.png\",\"contentUrl\":\"https:\\\/\\\/surface-tech.com\\\/wp-content\\\/uploads\\\/2022\\\/08\\\/SURFACE-TECH-logo-600px.png\",\"width\":600,\"height\":92,\"caption\":\"Surface Tech - Aramid Reinforced Composite Asphalt\"},\"image\":{\"@id\":\"https:\\\/\\\/surface-tech.com\\\/#\\\/schema\\\/logo\\\/image\\\/\"},\"sameAs\":[\"https:\\\/\\\/www.facebook.com\\\/SurfaceTechAsphalt\",\"https:\\\/\\\/x.com\\\/SurfaceTech_LLC\",\"https:\\\/\\\/www.linkedin.com\\\/company\\\/suface-tech\\\/\",\"https:\\\/\\\/www.youtube.com\\\/channel\\\/UCQHRWovM3lavWn1bGJa8Z9A\"]}]}<\/script>\n<!-- \/ Yoast SEO Premium plugin. -->","yoast_head_json":{"title":"Request A Quote ASPHALT Hubspot - Surface Tech - Aramid Reinforced Composite Asphalt","robots":{"index":"index","follow":"follow","max-snippet":"max-snippet:-1","max-image-preview":"max-image-preview:large","max-video-preview":"max-video-preview:-1"},"canonical":"https:\/\/surface-tech.com\/es\/request-a-quote-asphalt-hs\/","og_locale":"es_MX","og_type":"article","og_title":"Request A Quote ASPHALT Hubspot","og_description":"Get the most out of ARCA solutions. Request A Quote. Our Surface Tech mix design specialists look forward to answering your questions. Whether it concerns special applications, mixture formulations, or optimizing dosage, please contact one of our asphaltists. Ask us about our free samples, pricing and information about Surface Tech products for your first job.","og_url":"https:\/\/surface-tech.com\/es\/request-a-quote-asphalt-hs\/","og_site_name":"Surface Tech - Aramid Reinforced Composite Asphalt","article_publisher":"https:\/\/www.facebook.com\/SurfaceTechAsphalt","article_modified_time":"2023-07-28T20:07:15+00:00","og_image":[{"width":1500,"height":726,"url":"https:\/\/surface-tech.com\/wp-content\/uploads\/2022\/08\/DFNDR-the-making-copy-1500x600-1.png","type":"image\/png"}],"twitter_card":"summary_large_image","twitter_site":"@SurfaceTech_LLC","twitter_misc":{"Tiempo de lectura":"1 minuto"},"schema":{"@context":"https:\/\/schema.org","@graph":[{"@type":"WebPage","@id":"https:\/\/surface-tech.com\/request-a-quote-asphalt-hs\/","url":"https:\/\/surface-tech.com\/request-a-quote-asphalt-hs\/","name":"Request A Quote ASPHALT Hubspot - Surface Tech - Aramid Reinforced Composite Asphalt","isPartOf":{"@id":"https:\/\/surface-tech.com\/#website"},"datePublished":"2022-07-08T10:29:27+00:00","dateModified":"2023-07-28T20:07:15+00:00","breadcrumb":{"@id":"https:\/\/surface-tech.com\/request-a-quote-asphalt-hs\/#breadcrumb"},"inLanguage":"es","potentialAction":[{"@type":"ReadAction","target":["https:\/\/surface-tech.com\/request-a-quote-asphalt-hs\/"]}]},{"@type":"BreadcrumbList","@id":"https:\/\/surface-tech.com\/request-a-quote-asphalt-hs\/#breadcrumb","itemListElement":[{"@type":"ListItem","position":1,"name":"Home","item":"https:\/\/surface-tech.com\/"},{"@type":"ListItem","position":2,"name":"Request A Quote ASPHALT Hubspot"}]},{"@type":"WebSite","@id":"https:\/\/surface-tech.com\/#website","url":"https:\/\/surface-tech.com\/","name":"Surface Tech - Aramid Reinforced Composite Asphalt","description":"We Solved The Crack Problem.","publisher":{"@id":"https:\/\/surface-tech.com\/#organization"},"alternateName":"Surface Tech - ARCA Solutions","potentialAction":[{"@type":"SearchAction","target":{"@type":"EntryPoint","urlTemplate":"https:\/\/surface-tech.com\/?s={search_term_string}"},"query-input":{"@type":"PropertyValueSpecification","valueRequired":true,"valueName":"search_term_string"}}],"inLanguage":"es"},{"@type":"Organization","@id":"https:\/\/surface-tech.com\/#organization","name":"Surface Tech - Aramid Reinforced Composite Asphalt","alternateName":"Surface Tech - ARCA Solutions","url":"https:\/\/surface-tech.com\/","logo":{"@type":"ImageObject","inLanguage":"es","@id":"https:\/\/surface-tech.com\/#\/schema\/logo\/image\/","url":"https:\/\/surface-tech.com\/wp-content\/uploads\/2022\/08\/SURFACE-TECH-logo-600px.png","contentUrl":"https:\/\/surface-tech.com\/wp-content\/uploads\/2022\/08\/SURFACE-TECH-logo-600px.png","width":600,"height":92,"caption":"Surface Tech - Aramid Reinforced Composite Asphalt"},"image":{"@id":"https:\/\/surface-tech.com\/#\/schema\/logo\/image\/"},"sameAs":["https:\/\/www.facebook.com\/SurfaceTechAsphalt","https:\/\/x.com\/SurfaceTech_LLC","https:\/\/www.linkedin.com\/company\/suface-tech\/","https:\/\/www.youtube.com\/channel\/UCQHRWovM3lavWn1bGJa8Z9A"]}]}},"_links":{"self":[{"href":"https:\/\/surface-tech.com\/es\/wp-json\/wp\/v2\/pages\/603","targetHints":{"allow":["GET"]}}],"collection":[{"href":"https:\/\/surface-tech.com\/es\/wp-json\/wp\/v2\/pages"}],"about":[{"href":"https:\/\/surface-tech.com\/es\/wp-json\/wp\/v2\/types\/page"}],"author":[{"embeddable":true,"href":"https:\/\/surface-tech.com\/es\/wp-json\/wp\/v2\/users\/4"}],"replies":[{"embeddable":true,"href":"https:\/\/surface-tech.com\/es\/wp-json\/wp\/v2\/comments?post=603"}],"version-history":[{"count":0,"href":"https:\/\/surface-tech.com\/es\/wp-json\/wp\/v2\/pages\/603\/revisions"}],"wp:attachment":[{"href":"https:\/\/surface-tech.com\/es\/wp-json\/wp\/v2\/media?parent=603"}],"curies":[{"name":"wp","href":"https:\/\/api.w.org\/{rel}","templated":true}]}}