{"id":119,"date":"2022-06-16T18:58:12","date_gmt":"2022-06-16T18:58:12","guid":{"rendered":"https:\/\/surface-tech.com\/contact\/"},"modified":"2025-06-26T04:07:53","modified_gmt":"2025-06-26T11:07:53","slug":"contact","status":"publish","type":"page","link":"https:\/\/surface-tech.com\/fr\/contact\/","title":{"rendered":"Contact"},"content":{"rendered":"<div data-elementor-type=\"wp-page\" data-elementor-id=\"119\" class=\"elementor elementor-119\" data-elementor-post-type=\"page\">\n\t\t\t\t\t\t<header class=\"elementor-section elementor-top-section elementor-element elementor-element-1531ad78 elementor-section-full_width elementor-section-height-min-height elementor-section-content-middle elementor-section-height-default elementor-section-items-middle\" data-id=\"1531ad78\" data-element_type=\"section\" data-e-type=\"section\">\n\t\t\t\t\t\t<div class=\"elementor-container elementor-column-gap-no\">\n\t\t\t\t\t<div class=\"elementor-column elementor-col-100 elementor-top-column elementor-element elementor-element-72fc067b\" data-id=\"72fc067b\" data-element_type=\"column\" data-e-type=\"column\" data-settings=\"{&quot;background_background&quot;:&quot;classic&quot;}\">\n\t\t\t<div class=\"elementor-widget-wrap\">\n\t\t\t\t\t\t\t<\/div>\n\t\t<\/div>\n\t\t\t\t\t<\/div>\n\t\t<\/header>\n\t\t\t\t<section class=\"elementor-section elementor-top-section elementor-element elementor-element-4111ab35 elementor-section-content-middle elementor-section-height-min-height elementor-section-items-stretch elementor-section-boxed elementor-section-height-default\" data-id=\"4111ab35\" data-element_type=\"section\" data-e-type=\"section\" data-settings=\"{&quot;background_background&quot;:&quot;classic&quot;}\">\n\t\t\t\t\t\t\t<div class=\"elementor-background-overlay\"><\/div>\n\t\t\t\t\t\t\t<div class=\"elementor-container elementor-column-gap-no\">\n\t\t\t\t\t<div class=\"elementor-column elementor-col-50 elementor-top-column elementor-element elementor-element-7cb43a7b\" data-id=\"7cb43a7b\" data-element_type=\"column\" data-e-type=\"column\" data-settings=\"{&quot;background_background&quot;:&quot;classic&quot;}\">\n\t\t\t<div class=\"elementor-widget-wrap elementor-element-populated\">\n\t\t\t\t\t\t<div class=\"elementor-element elementor-element-16566047 elementor-widget elementor-widget-heading\" data-id=\"16566047\" data-element_type=\"widget\" data-e-type=\"widget\" data-widget_type=\"heading.default\">\n\t\t\t\t<div class=\"elementor-widget-container\">\n\t\t\t\t\t<h1 class=\"elementor-heading-title elementor-size-default\">Contactez-Nous<\/h1>\t\t\t\t<\/div>\n\t\t\t\t<\/div>\n\t\t\t\t<div class=\"elementor-element elementor-element-6d6449d elementor-widget elementor-widget-text-editor\" data-id=\"6d6449d\" data-element_type=\"widget\" data-e-type=\"widget\" data-widget_type=\"text-editor.default\">\n\t\t\t\t<div class=\"elementor-widget-container\">\n\t\t\t\t\t\t\t\t\t<p>Nous sommes l\u00e0 pour vous. Appelez-nous ou remplissez le formulaire.<\/p>\t\t\t\t\t\t\t\t<\/div>\n\t\t\t\t<\/div>\n\t\t\t\t<div class=\"elementor-element elementor-element-5f7d226a elementor-widget elementor-widget-heading\" data-id=\"5f7d226a\" data-element_type=\"widget\" data-e-type=\"widget\" data-widget_type=\"heading.default\">\n\t\t\t\t<div class=\"elementor-widget-container\">\n\t\t\t\t\t<h4 class=\"elementor-heading-title elementor-size-default\">FIBER &amp; EQUIPMENT SALES<\/h4>\t\t\t\t<\/div>\n\t\t\t\t<\/div>\n\t\t\t\t<div class=\"elementor-element elementor-element-6ae6558 elementor-align-start elementor-icon-list--layout-traditional elementor-list-item-link-full_width elementor-widget elementor-widget-icon-list\" data-id=\"6ae6558\" data-element_type=\"widget\" data-e-type=\"widget\" data-widget_type=\"icon-list.default\">\n\t\t\t\t<div class=\"elementor-widget-container\">\n\t\t\t\t\t\t\t<ul class=\"elementor-icon-list-items\">\n\t\t\t\t\t\t\t<li class=\"elementor-icon-list-item\">\n\t\t\t\t\t\t\t\t\t\t<span class=\"elementor-icon-list-text\">\u00c9tats-UNIS +1 619 880 0265<\/span>\n\t\t\t\t\t\t\t\t\t<\/li>\n\t\t\t\t\t\t\t\t<li class=\"elementor-icon-list-item\">\n\t\t\t\t\t\t\t\t\t\t<span class=\"elementor-icon-list-text\">CA +1 647 613 6988<\/span>\n\t\t\t\t\t\t\t\t\t<\/li>\n\t\t\t\t\t\t\t\t<li class=\"elementor-icon-list-item\">\n\t\t\t\t\t\t\t\t\t\t<span class=\"elementor-icon-list-text\">info@surface-tech.com<\/span>\n\t\t\t\t\t\t\t\t\t<\/li>\n\t\t\t\t\t\t<\/ul>\n\t\t\t\t\t\t<\/div>\n\t\t\t\t<\/div>\n\t\t\t\t<div class=\"elementor-element elementor-element-aba95a2 elementor-widget elementor-widget-heading\" data-id=\"aba95a2\" data-element_type=\"widget\" data-e-type=\"widget\" data-widget_type=\"heading.default\">\n\t\t\t\t<div class=\"elementor-widget-container\">\n\t\t\t\t\t<h4 class=\"elementor-heading-title elementor-size-default\">EQUIPMENT TECHNICAL\u00a0SUPPORT<\/h4>\t\t\t\t<\/div>\n\t\t\t\t<\/div>\n\t\t\t\t<div class=\"elementor-element elementor-element-da300ea elementor-align-start elementor-icon-list--layout-traditional elementor-list-item-link-full_width elementor-widget elementor-widget-icon-list\" data-id=\"da300ea\" data-element_type=\"widget\" data-e-type=\"widget\" data-widget_type=\"icon-list.default\">\n\t\t\t\t<div class=\"elementor-widget-container\">\n\t\t\t\t\t\t\t<ul class=\"elementor-icon-list-items\">\n\t\t\t\t\t\t\t<li class=\"elementor-icon-list-item\">\n\t\t\t\t\t\t\t\t\t\t\t<a href=\"tel:+1%20480%20714%203958\">\n\n\t\t\t\t\t\t\t\t\t\t\t<span class=\"elementor-icon-list-text\">+1 480 714 3958<\/span>\n\t\t\t\t\t\t\t\t\t\t\t<\/a>\n\t\t\t\t\t\t\t\t\t<\/li>\n\t\t\t\t\t\t\t\t<li class=\"elementor-icon-list-item\">\n\t\t\t\t\t\t\t\t\t\t<span class=\"elementor-icon-list-text\">support@surface-tech.com<\/span>\n\t\t\t\t\t\t\t\t\t<\/li>\n\t\t\t\t\t\t<\/ul>\n\t\t\t\t\t\t<\/div>\n\t\t\t\t<\/div>\n\t\t\t\t<div class=\"elementor-element elementor-element-72205f3 elementor-widget elementor-widget-heading\" data-id=\"72205f3\" data-element_type=\"widget\" data-e-type=\"widget\" data-widget_type=\"heading.default\">\n\t\t\t\t<div class=\"elementor-widget-container\">\n\t\t\t\t\t<h4 class=\"elementor-heading-title elementor-size-default\">Emplacements<\/h4>\t\t\t\t<\/div>\n\t\t\t\t<\/div>\n\t\t\t\t<div class=\"elementor-element elementor-element-2a064ae elementor-widget elementor-widget-text-editor\" data-id=\"2a064ae\" data-element_type=\"widget\" data-e-type=\"widget\" data-widget_type=\"text-editor.default\">\n\t\t\t\t<div class=\"elementor-widget-container\">\n\t\t\t\t\t\t\t\t\t<p><strong>SURFACE TECH LLC<\/strong><br><strong>Si\u00e8ge<\/strong><br>312 S. Cedros Ave., Suite 200<br>Solana Beach, CA. 92075<\/p>\t\t\t\t\t\t\t\t<\/div>\n\t\t\t\t<\/div>\n\t\t\t\t<div class=\"elementor-element elementor-element-789b7ec elementor-widget-divider--view-line elementor-widget elementor-widget-divider\" data-id=\"789b7ec\" data-element_type=\"widget\" data-e-type=\"widget\" data-widget_type=\"divider.default\">\n\t\t\t\t<div class=\"elementor-widget-container\">\n\t\t\t\t\t\t\t<div class=\"elementor-divider\">\n\t\t\t<span class=\"elementor-divider-separator\">\n\t\t\t\t\t\t<\/span>\n\t\t<\/div>\n\t\t\t\t\t\t<\/div>\n\t\t\t\t<\/div>\n\t\t\t\t<div class=\"elementor-element elementor-element-f764bd2 elementor-widget elementor-widget-text-editor\" data-id=\"f764bd2\" data-element_type=\"widget\" data-e-type=\"widget\" data-widget_type=\"text-editor.default\">\n\t\t\t\t<div class=\"elementor-widget-container\">\n\t\t\t\t\t\t\t\t\t<p><strong>SURFACE TECH <br \/>Les Mat\u00e9riaux De Construction Corp<\/strong><br \/><strong>CANADA<\/strong><br \/>2080 Appleby Line \/ PO Box 75041 \/ Burlington \/ on L7L 6M0 CANADA<br \/>647.613.6988<\/p>\t\t\t\t\t\t\t\t<\/div>\n\t\t\t\t<\/div>\n\t\t\t\t<div class=\"elementor-element elementor-element-548cf4a elementor-widget-divider--view-line elementor-widget elementor-widget-divider\" data-id=\"548cf4a\" data-element_type=\"widget\" data-e-type=\"widget\" data-widget_type=\"divider.default\">\n\t\t\t\t<div class=\"elementor-widget-container\">\n\t\t\t\t\t\t\t<div class=\"elementor-divider\">\n\t\t\t<span class=\"elementor-divider-separator\">\n\t\t\t\t\t\t<\/span>\n\t\t<\/div>\n\t\t\t\t\t\t<\/div>\n\t\t\t\t<\/div>\n\t\t\t\t<div class=\"elementor-element elementor-element-81c8ecf elementor-widget elementor-widget-text-editor\" data-id=\"81c8ecf\" data-element_type=\"widget\" data-e-type=\"widget\" data-widget_type=\"text-editor.default\">\n\t\t\t\t<div class=\"elementor-widget-container\">\n\t\t\t\t\t\t\t\t\t<p><b>Entrep\u00f4t \/ Fullfillment<\/b><br \/>Oceanside, Californie, \u00e9tats-unis<br \/>Rockford, Illinois, \u00e9tats-unis<br \/>Calgary, CANADA<br \/>Toronto, CANADA<\/p>\t\t\t\t\t\t\t\t<\/div>\n\t\t\t\t<\/div>\n\t\t\t\t<div class=\"elementor-element elementor-element-8c6633c elementor-widget-divider--view-line elementor-widget elementor-widget-divider\" data-id=\"8c6633c\" data-element_type=\"widget\" data-e-type=\"widget\" data-widget_type=\"divider.default\">\n\t\t\t\t<div class=\"elementor-widget-container\">\n\t\t\t\t\t\t\t<div class=\"elementor-divider\">\n\t\t\t<span class=\"elementor-divider-separator\">\n\t\t\t\t\t\t<\/span>\n\t\t<\/div>\n\t\t\t\t\t\t<\/div>\n\t\t\t\t<\/div>\n\t\t\t\t\t<\/div>\n\t\t<\/div>\n\t\t\t\t<div class=\"elementor-column elementor-col-50 elementor-top-column elementor-element elementor-element-3961e53a\" data-id=\"3961e53a\" data-element_type=\"column\" data-e-type=\"column\" data-settings=\"{&quot;background_background&quot;:&quot;classic&quot;}\">\n\t\t\t<div class=\"elementor-widget-wrap elementor-element-populated\">\n\t\t\t\t\t<div class=\"elementor-background-overlay\"><\/div>\n\t\t\t\t\t\t<div class=\"elementor-element elementor-element-31b56e3c elementor-widget elementor-widget-text-editor\" data-id=\"31b56e3c\" data-element_type=\"widget\" data-e-type=\"widget\" data-widget_type=\"text-editor.default\">\n\t\t\t\t<div class=\"elementor-widget-container\">\n\t\t\t\t\t\t\t\t\t<p>SURFACE TECH Asphaltists h\u00e2te de r\u00e9pondre \u00e0 vos questions et de fournir la meilleure solution pour votre prochain projet. Qu&#039;il s&#039;agisse d&#039;applications sp\u00e9ciales, m\u00e9lange des formulations, ou de l&#039;optimisation de la posologie, veuillez contacter notre \u00e9quipe.\u00a0<\/p>\t\t\t\t\t\t\t\t<\/div>\n\t\t\t\t<\/div>\n\t\t\t\t<div class=\"elementor-element elementor-element-438ccfe elementor-widget-divider--view-line elementor-widget elementor-widget-divider\" data-id=\"438ccfe\" data-element_type=\"widget\" data-e-type=\"widget\" data-widget_type=\"divider.default\">\n\t\t\t\t<div class=\"elementor-widget-container\">\n\t\t\t\t\t\t\t<div class=\"elementor-divider\">\n\t\t\t<span class=\"elementor-divider-separator\">\n\t\t\t\t\t\t<\/span>\n\t\t<\/div>\n\t\t\t\t\t\t<\/div>\n\t\t\t\t<\/div>\n\t\t\t\t<div class=\"elementor-element elementor-element-e78d46d elementor-widget elementor-widget-html\" data-id=\"e78d46d\" data-element_type=\"widget\" data-e-type=\"widget\" data-widget_type=\"html.default\">\n\t\t\t\t<div class=\"elementor-widget-container\">\n\t\t\t\t\t<script charset=\"utf-8\" type=\"text\/javascript\" src=\"\/\/js.hsforms.net\/forms\/v2.js?pre=1\"><\/script>\n<script>\n  hbspt.forms.create({\n    region: \"na1\",\n    portalId: \"1997273\",\n    formId: \"83f6aa29-d35e-4d98-b23e-703d24ad2218\"\n  });\n<\/script>\t\t\t\t<\/div>\n\t\t\t\t<\/div>\n\t\t\t\t\t<\/div>\n\t\t<\/div>\n\t\t\t\t\t<\/div>\n\t\t<\/section>\n\t\t\t\t<\/div>","protected":false},"excerpt":{"rendered":"<p>Contact Us We&#8217;re here for you. Give us a call or fill out the form. FIBER &amp; EQUIPMENT SALES U.S. +1 619 880 0265 CA +1 647 613 6988 info@surface-tech.com EQUIPMENT TECHNICAL\u00a0SUPPORT +1 480 714 3958 support@surface-tech.com Locations SURFACE TECH LLCHeadquarters312 S. Cedros Ave., Suite 200Solana Beach, CA. 92075 SURFACE TECH Construction Materials CorpCANADA2080 Appleby [&hellip;]<\/p>\n","protected":false},"author":2,"featured_media":0,"parent":0,"menu_order":0,"comment_status":"closed","ping_status":"closed","template":"elementor_header_footer","meta":{"_acf_changed":false,"content-type":"","footnotes":""},"class_list":["post-119","page","type-page","status-publish","hentry"],"acf":[],"yoast_head":"<!-- This site is optimized with the Yoast SEO Premium plugin v27.2 (Yoast SEO v27.3) - https:\/\/yoast.com\/product\/yoast-seo-premium-wordpress\/ -->\n<title>Contact - Surface Tech - Aramid Reinforced Composite Asphalt<\/title>\n<meta name=\"robots\" content=\"index, follow, max-snippet:-1, max-image-preview:large, max-video-preview:-1\" \/>\n<link rel=\"canonical\" href=\"https:\/\/surface-tech.com\/fr\/contact\/\" \/>\n<meta property=\"og:locale\" content=\"fr_CA\" \/>\n<meta property=\"og:type\" content=\"article\" \/>\n<meta property=\"og:title\" content=\"Contact\" \/>\n<meta property=\"og:description\" content=\"Contact Us We&#8217;re here for you. Give us a call or fill out the form. FIBER &amp; EQUIPMENT SALES U.S. +1 619 880 0265 CA +1 647 613 6988 info@surface-tech.com EQUIPMENT TECHNICAL\u00a0SUPPORT +1 480 714 3958 support@surface-tech.com Locations SURFACE TECH LLCHeadquarters312 S. Cedros Ave., Suite 200Solana Beach, CA. 92075 SURFACE TECH Construction Materials CorpCANADA2080 Appleby [&hellip;]\" \/>\n<meta property=\"og:url\" content=\"https:\/\/surface-tech.com\/fr\/contact\/\" \/>\n<meta property=\"og:site_name\" content=\"Surface Tech - Aramid Reinforced Composite Asphalt\" \/>\n<meta property=\"article:publisher\" content=\"https:\/\/www.facebook.com\/SurfaceTechAsphalt\" \/>\n<meta property=\"article:modified_time\" content=\"2025-06-26T11:07:53+00:00\" \/>\n<meta property=\"og:image\" content=\"https:\/\/surface-tech.com\/wp-content\/uploads\/2022\/08\/DFNDR-the-making-copy-1500x600-1.png\" \/>\n\t<meta property=\"og:image:width\" content=\"1500\" \/>\n\t<meta property=\"og:image:height\" content=\"726\" \/>\n\t<meta property=\"og:image:type\" content=\"image\/png\" \/>\n<meta name=\"twitter:card\" content=\"summary_large_image\" \/>\n<meta name=\"twitter:site\" content=\"@SurfaceTech_LLC\" \/>\n<meta name=\"twitter:label1\" content=\"Estimation du temps de lecture\" \/>\n\t<meta name=\"twitter:data1\" content=\"1 minute\" \/>\n<script type=\"application\/ld+json\" class=\"yoast-schema-graph\">{\"@context\":\"https:\\\/\\\/schema.org\",\"@graph\":[{\"@type\":\"WebPage\",\"@id\":\"https:\\\/\\\/surface-tech.com\\\/contact\\\/\",\"url\":\"https:\\\/\\\/surface-tech.com\\\/contact\\\/\",\"name\":\"Contact - Surface Tech - Aramid Reinforced Composite Asphalt\",\"isPartOf\":{\"@id\":\"https:\\\/\\\/surface-tech.com\\\/#website\"},\"datePublished\":\"2022-06-16T18:58:12+00:00\",\"dateModified\":\"2025-06-26T11:07:53+00:00\",\"breadcrumb\":{\"@id\":\"https:\\\/\\\/surface-tech.com\\\/contact\\\/#breadcrumb\"},\"inLanguage\":\"fr-CA\",\"potentialAction\":[{\"@type\":\"ReadAction\",\"target\":[\"https:\\\/\\\/surface-tech.com\\\/contact\\\/\"]}]},{\"@type\":\"BreadcrumbList\",\"@id\":\"https:\\\/\\\/surface-tech.com\\\/contact\\\/#breadcrumb\",\"itemListElement\":[{\"@type\":\"ListItem\",\"position\":1,\"name\":\"Home\",\"item\":\"https:\\\/\\\/surface-tech.com\\\/\"},{\"@type\":\"ListItem\",\"position\":2,\"name\":\"Contact\"}]},{\"@type\":\"WebSite\",\"@id\":\"https:\\\/\\\/surface-tech.com\\\/#website\",\"url\":\"https:\\\/\\\/surface-tech.com\\\/\",\"name\":\"Surface Tech - Aramid Reinforced Composite Asphalt\",\"description\":\"We Solved The Crack Problem.\",\"publisher\":{\"@id\":\"https:\\\/\\\/surface-tech.com\\\/#organization\"},\"alternateName\":\"Surface Tech - ARCA Solutions\",\"potentialAction\":[{\"@type\":\"SearchAction\",\"target\":{\"@type\":\"EntryPoint\",\"urlTemplate\":\"https:\\\/\\\/surface-tech.com\\\/?s={search_term_string}\"},\"query-input\":{\"@type\":\"PropertyValueSpecification\",\"valueRequired\":true,\"valueName\":\"search_term_string\"}}],\"inLanguage\":\"fr-CA\"},{\"@type\":\"Organization\",\"@id\":\"https:\\\/\\\/surface-tech.com\\\/#organization\",\"name\":\"Surface Tech - Aramid Reinforced Composite Asphalt\",\"alternateName\":\"Surface Tech - ARCA Solutions\",\"url\":\"https:\\\/\\\/surface-tech.com\\\/\",\"logo\":{\"@type\":\"ImageObject\",\"inLanguage\":\"fr-CA\",\"@id\":\"https:\\\/\\\/surface-tech.com\\\/#\\\/schema\\\/logo\\\/image\\\/\",\"url\":\"https:\\\/\\\/surface-tech.com\\\/wp-content\\\/uploads\\\/2022\\\/08\\\/SURFACE-TECH-logo-600px.png\",\"contentUrl\":\"https:\\\/\\\/surface-tech.com\\\/wp-content\\\/uploads\\\/2022\\\/08\\\/SURFACE-TECH-logo-600px.png\",\"width\":600,\"height\":92,\"caption\":\"Surface Tech - Aramid Reinforced Composite Asphalt\"},\"image\":{\"@id\":\"https:\\\/\\\/surface-tech.com\\\/#\\\/schema\\\/logo\\\/image\\\/\"},\"sameAs\":[\"https:\\\/\\\/www.facebook.com\\\/SurfaceTechAsphalt\",\"https:\\\/\\\/x.com\\\/SurfaceTech_LLC\",\"https:\\\/\\\/www.linkedin.com\\\/company\\\/suface-tech\\\/\",\"https:\\\/\\\/www.youtube.com\\\/channel\\\/UCQHRWovM3lavWn1bGJa8Z9A\"]}]}<\/script>\n<!-- \/ Yoast SEO Premium plugin. -->","yoast_head_json":{"title":"Contact - Surface Tech - Aramid Reinforced Composite Asphalt","robots":{"index":"index","follow":"follow","max-snippet":"max-snippet:-1","max-image-preview":"max-image-preview:large","max-video-preview":"max-video-preview:-1"},"canonical":"https:\/\/surface-tech.com\/fr\/contact\/","og_locale":"fr_CA","og_type":"article","og_title":"Contact","og_description":"Contact Us We&#8217;re here for you. Give us a call or fill out the form. FIBER &amp; EQUIPMENT SALES U.S. +1 619 880 0265 CA +1 647 613 6988 info@surface-tech.com EQUIPMENT TECHNICAL\u00a0SUPPORT +1 480 714 3958 support@surface-tech.com Locations SURFACE TECH LLCHeadquarters312 S. Cedros Ave., Suite 200Solana Beach, CA. 92075 SURFACE TECH Construction Materials CorpCANADA2080 Appleby [&hellip;]","og_url":"https:\/\/surface-tech.com\/fr\/contact\/","og_site_name":"Surface Tech - Aramid Reinforced Composite Asphalt","article_publisher":"https:\/\/www.facebook.com\/SurfaceTechAsphalt","article_modified_time":"2025-06-26T11:07:53+00:00","og_image":[{"width":1500,"height":726,"url":"https:\/\/surface-tech.com\/wp-content\/uploads\/2022\/08\/DFNDR-the-making-copy-1500x600-1.png","type":"image\/png"}],"twitter_card":"summary_large_image","twitter_site":"@SurfaceTech_LLC","twitter_misc":{"Estimation du temps de lecture":"1 minute"},"schema":{"@context":"https:\/\/schema.org","@graph":[{"@type":"WebPage","@id":"https:\/\/surface-tech.com\/contact\/","url":"https:\/\/surface-tech.com\/contact\/","name":"Contact - Surface Tech - Aramid Reinforced Composite Asphalt","isPartOf":{"@id":"https:\/\/surface-tech.com\/#website"},"datePublished":"2022-06-16T18:58:12+00:00","dateModified":"2025-06-26T11:07:53+00:00","breadcrumb":{"@id":"https:\/\/surface-tech.com\/contact\/#breadcrumb"},"inLanguage":"fr-CA","potentialAction":[{"@type":"ReadAction","target":["https:\/\/surface-tech.com\/contact\/"]}]},{"@type":"BreadcrumbList","@id":"https:\/\/surface-tech.com\/contact\/#breadcrumb","itemListElement":[{"@type":"ListItem","position":1,"name":"Home","item":"https:\/\/surface-tech.com\/"},{"@type":"ListItem","position":2,"name":"Contact"}]},{"@type":"WebSite","@id":"https:\/\/surface-tech.com\/#website","url":"https:\/\/surface-tech.com\/","name":"Surface Tech - Aramid Reinforced Composite Asphalt","description":"We Solved The Crack Problem.","publisher":{"@id":"https:\/\/surface-tech.com\/#organization"},"alternateName":"Surface Tech - ARCA Solutions","potentialAction":[{"@type":"SearchAction","target":{"@type":"EntryPoint","urlTemplate":"https:\/\/surface-tech.com\/?s={search_term_string}"},"query-input":{"@type":"PropertyValueSpecification","valueRequired":true,"valueName":"search_term_string"}}],"inLanguage":"fr-CA"},{"@type":"Organization","@id":"https:\/\/surface-tech.com\/#organization","name":"Surface Tech - Aramid Reinforced Composite Asphalt","alternateName":"Surface Tech - ARCA Solutions","url":"https:\/\/surface-tech.com\/","logo":{"@type":"ImageObject","inLanguage":"fr-CA","@id":"https:\/\/surface-tech.com\/#\/schema\/logo\/image\/","url":"https:\/\/surface-tech.com\/wp-content\/uploads\/2022\/08\/SURFACE-TECH-logo-600px.png","contentUrl":"https:\/\/surface-tech.com\/wp-content\/uploads\/2022\/08\/SURFACE-TECH-logo-600px.png","width":600,"height":92,"caption":"Surface Tech - Aramid Reinforced Composite Asphalt"},"image":{"@id":"https:\/\/surface-tech.com\/#\/schema\/logo\/image\/"},"sameAs":["https:\/\/www.facebook.com\/SurfaceTechAsphalt","https:\/\/x.com\/SurfaceTech_LLC","https:\/\/www.linkedin.com\/company\/suface-tech\/","https:\/\/www.youtube.com\/channel\/UCQHRWovM3lavWn1bGJa8Z9A"]}]}},"_links":{"self":[{"href":"https:\/\/surface-tech.com\/fr\/wp-json\/wp\/v2\/pages\/119","targetHints":{"allow":["GET"]}}],"collection":[{"href":"https:\/\/surface-tech.com\/fr\/wp-json\/wp\/v2\/pages"}],"about":[{"href":"https:\/\/surface-tech.com\/fr\/wp-json\/wp\/v2\/types\/page"}],"author":[{"embeddable":true,"href":"https:\/\/surface-tech.com\/fr\/wp-json\/wp\/v2\/users\/2"}],"replies":[{"embeddable":true,"href":"https:\/\/surface-tech.com\/fr\/wp-json\/wp\/v2\/comments?post=119"}],"version-history":[{"count":9,"href":"https:\/\/surface-tech.com\/fr\/wp-json\/wp\/v2\/pages\/119\/revisions"}],"predecessor-version":[{"id":2767,"href":"https:\/\/surface-tech.com\/fr\/wp-json\/wp\/v2\/pages\/119\/revisions\/2767"}],"wp:attachment":[{"href":"https:\/\/surface-tech.com\/fr\/wp-json\/wp\/v2\/media?parent=119"}],"curies":[{"name":"wp","href":"https:\/\/api.w.org\/{rel}","templated":true}]}}